{"id":4060,"date":"2024-09-08T10:12:42","date_gmt":"2024-09-08T08:12:42","guid":{"rendered":"https:\/\/rineauservices.fr\/?page_id=4060"},"modified":"2024-09-08T10:12:43","modified_gmt":"2024-09-08T08:12:43","slug":"politique-de-confidentialite","status":"publish","type":"page","link":"https:\/\/rineauservices.fr\/en\/politique-de-confidentialite\/","title":{"rendered":"Politique de confidentialit\u00e9"},"content":{"rendered":"<style>.wp-block-kadence-advancedheading.kt-adv-heading4060_1e5485-7f, .wp-block-kadence-advancedheading.kt-adv-heading4060_1e5485-7f[data-kb-block=\"kb-adv-heading4060_1e5485-7f\"]{font-style:normal;}.wp-block-kadence-advancedheading.kt-adv-heading4060_1e5485-7f mark.kt-highlight, .wp-block-kadence-advancedheading.kt-adv-heading4060_1e5485-7f[data-kb-block=\"kb-adv-heading4060_1e5485-7f\"] mark.kt-highlight{font-style:normal;color:#f76a0c;-webkit-box-decoration-break:clone;box-decoration-break:clone;padding-top:0px;padding-right:0px;padding-bottom:0px;padding-left:0px;}.wp-block-kadence-advancedheading.kt-adv-heading4060_1e5485-7f img.kb-inline-image, .wp-block-kadence-advancedheading.kt-adv-heading4060_1e5485-7f[data-kb-block=\"kb-adv-heading4060_1e5485-7f\"] img.kb-inline-image{width:150px;vertical-align:baseline;}<\/style>\n<h3 class=\"kt-adv-heading4060_1e5485-7f wp-block-kadence-advancedheading\" data-kb-block=\"kb-adv-heading4060_1e5485-7f\"><strong>1. Introduction\u00a0<\/strong><\/h3>\n\n\n<style>.wp-block-kadence-advancedheading.kt-adv-heading4060_7bb87b-6a, .wp-block-kadence-advancedheading.kt-adv-heading4060_7bb87b-6a[data-kb-block=\"kb-adv-heading4060_7bb87b-6a\"]{font-style:normal;}.wp-block-kadence-advancedheading.kt-adv-heading4060_7bb87b-6a mark.kt-highlight, .wp-block-kadence-advancedheading.kt-adv-heading4060_7bb87b-6a[data-kb-block=\"kb-adv-heading4060_7bb87b-6a\"] mark.kt-highlight{font-style:normal;color:#f76a0c;-webkit-box-decoration-break:clone;box-decoration-break:clone;padding-top:0px;padding-right:0px;padding-bottom:0px;padding-left:0px;}.wp-block-kadence-advancedheading.kt-adv-heading4060_7bb87b-6a img.kb-inline-image, .wp-block-kadence-advancedheading.kt-adv-heading4060_7bb87b-6a[data-kb-block=\"kb-adv-heading4060_7bb87b-6a\"] img.kb-inline-image{width:150px;vertical-align:baseline;}<\/style>\n<p class=\"kt-adv-heading4060_7bb87b-6a wp-block-kadence-advancedheading\" data-kb-block=\"kb-adv-heading4060_7bb87b-6a\">La pr\u00e9sente Politique de Confidentialit\u00e9 d\u00e9crit la mani\u00e8re dont Pierre Emmanuel Rineau collecte, utilise et prot\u00e8ge les informations personnelles que vous nous fournissez lorsque vous utilisez notre site web <a href=\"https:\/\/rineauservices.fr\/\">https:\/\/rineauservices.fr\/<\/a> et nos services associ\u00e9s. En acc\u00e9dant \u00e0 notre site ou en utilisant nos services, vous acceptez les termes de cette Politique de Confidentialit\u00e9.\u00a0<\/p>\n\n\n<style>.wp-block-kadence-advancedheading.kt-adv-heading4060_0e7835-b0, .wp-block-kadence-advancedheading.kt-adv-heading4060_0e7835-b0[data-kb-block=\"kb-adv-heading4060_0e7835-b0\"]{font-style:normal;}.wp-block-kadence-advancedheading.kt-adv-heading4060_0e7835-b0 mark.kt-highlight, .wp-block-kadence-advancedheading.kt-adv-heading4060_0e7835-b0[data-kb-block=\"kb-adv-heading4060_0e7835-b0\"] mark.kt-highlight{font-style:normal;color:#f76a0c;-webkit-box-decoration-break:clone;box-decoration-break:clone;padding-top:0px;padding-right:0px;padding-bottom:0px;padding-left:0px;}.wp-block-kadence-advancedheading.kt-adv-heading4060_0e7835-b0 img.kb-inline-image, .wp-block-kadence-advancedheading.kt-adv-heading4060_0e7835-b0[data-kb-block=\"kb-adv-heading4060_0e7835-b0\"] img.kb-inline-image{width:150px;vertical-align:baseline;}<\/style>\n<h3 class=\"kt-adv-heading4060_0e7835-b0 wp-block-kadence-advancedheading\" data-kb-block=\"kb-adv-heading4060_0e7835-b0\"><strong>2. Collecte des Informations Personnelles&nbsp;<\/strong><\/h3>\n\n\n<style>.wp-block-kadence-advancedheading.kt-adv-heading4060_06d609-ad, .wp-block-kadence-advancedheading.kt-adv-heading4060_06d609-ad[data-kb-block=\"kb-adv-heading4060_06d609-ad\"]{font-style:normal;}.wp-block-kadence-advancedheading.kt-adv-heading4060_06d609-ad mark.kt-highlight, .wp-block-kadence-advancedheading.kt-adv-heading4060_06d609-ad[data-kb-block=\"kb-adv-heading4060_06d609-ad\"] mark.kt-highlight{font-style:normal;color:#f76a0c;-webkit-box-decoration-break:clone;box-decoration-break:clone;padding-top:0px;padding-right:0px;padding-bottom:0px;padding-left:0px;}.wp-block-kadence-advancedheading.kt-adv-heading4060_06d609-ad img.kb-inline-image, .wp-block-kadence-advancedheading.kt-adv-heading4060_06d609-ad[data-kb-block=\"kb-adv-heading4060_06d609-ad\"] img.kb-inline-image{width:150px;vertical-align:baseline;}<\/style>\n<p class=\"kt-adv-heading4060_06d609-ad wp-block-kadence-advancedheading\" data-kb-block=\"kb-adv-heading4060_06d609-ad\">Nous pouvons collecter et traiter les informations suivantes :&nbsp;<\/p>\n\n\n\n<ul class=\"wp-block-list\">\n<li><strong>Informations de contact : <\/strong>telles que votre nom, adresse, adresse e-mail, num\u00e9ro de t\u00e9l\u00e9phone.\u00a0<\/li>\n\n\n\n<li><strong>Informations de paiement : <\/strong>telles que les d\u00e9tails de la carte bancaire, les informations de facturation.\u00a0<\/li>\n\n\n\n<li><strong>Informations sur le compte : <\/strong>telles que le nom d&rsquo;utilisateur, le mot de passe, l&rsquo;historique des commandes.\u00a0<\/li>\n\n\n\n<li><strong>Informations de navigation : <\/strong>telles que les adresses IP, les donn\u00e9es de connexion, le type de navigateur, les pages consult\u00e9es, les cookies.\u00a0<\/li>\n\n\n\n<li><strong>Autres informations : <\/strong>toute autre information que vous choisissez de nous fournir. <\/li>\n<\/ul>\n\n\n<style>.wp-block-kadence-advancedheading.kt-adv-heading4060_f1c475-7f, .wp-block-kadence-advancedheading.kt-adv-heading4060_f1c475-7f[data-kb-block=\"kb-adv-heading4060_f1c475-7f\"]{font-style:normal;}.wp-block-kadence-advancedheading.kt-adv-heading4060_f1c475-7f mark.kt-highlight, .wp-block-kadence-advancedheading.kt-adv-heading4060_f1c475-7f[data-kb-block=\"kb-adv-heading4060_f1c475-7f\"] mark.kt-highlight{font-style:normal;color:#f76a0c;-webkit-box-decoration-break:clone;box-decoration-break:clone;padding-top:0px;padding-right:0px;padding-bottom:0px;padding-left:0px;}.wp-block-kadence-advancedheading.kt-adv-heading4060_f1c475-7f img.kb-inline-image, .wp-block-kadence-advancedheading.kt-adv-heading4060_f1c475-7f[data-kb-block=\"kb-adv-heading4060_f1c475-7f\"] img.kb-inline-image{width:150px;vertical-align:baseline;}<\/style>\n<h3 class=\"kt-adv-heading4060_f1c475-7f wp-block-kadence-advancedheading\" data-kb-block=\"kb-adv-heading4060_f1c475-7f\"><strong>3. Utilisation des Informations\u00a0<\/strong><\/h3>\n\n\n<style>.wp-block-kadence-advancedheading.kt-adv-heading4060_d81f6f-71, .wp-block-kadence-advancedheading.kt-adv-heading4060_d81f6f-71[data-kb-block=\"kb-adv-heading4060_d81f6f-71\"]{font-style:normal;}.wp-block-kadence-advancedheading.kt-adv-heading4060_d81f6f-71 mark.kt-highlight, .wp-block-kadence-advancedheading.kt-adv-heading4060_d81f6f-71[data-kb-block=\"kb-adv-heading4060_d81f6f-71\"] mark.kt-highlight{font-style:normal;color:#f76a0c;-webkit-box-decoration-break:clone;box-decoration-break:clone;padding-top:0px;padding-right:0px;padding-bottom:0px;padding-left:0px;}.wp-block-kadence-advancedheading.kt-adv-heading4060_d81f6f-71 img.kb-inline-image, .wp-block-kadence-advancedheading.kt-adv-heading4060_d81f6f-71[data-kb-block=\"kb-adv-heading4060_d81f6f-71\"] img.kb-inline-image{width:150px;vertical-align:baseline;}<\/style>\n<p class=\"kt-adv-heading4060_d81f6f-71 wp-block-kadence-advancedheading\" data-kb-block=\"kb-adv-heading4060_d81f6f-71\">Les informations que nous collectons sont utilis\u00e9es pour :&nbsp;<\/p>\n\n\n\n<ul class=\"wp-block-list\">\n<li><strong>Traitement des commandes : <\/strong>gestion des achats, paiements, livraisons, et retours. <\/li>\n\n\n\n<li><strong>Service client : <\/strong>r\u00e9pondre \u00e0 vos demandes, questions, et r\u00e9clamations. <\/li>\n\n\n\n<li><strong>Am\u00e9lioration du site : <\/strong>personnaliser votre exp\u00e9rience, analyser les tendances, et am\u00e9liorer nos services.\u00a0<\/li>\n\n\n\n<li><strong>Marketing : <\/strong>vous envoyer des offres, des promotions, des newsletters si vous avez donn\u00e9 votre consentement.\u00a0<\/li>\n\n\n\n<li><strong>S\u00e9curit\u00e9 : <\/strong>prot\u00e9ger notre site contre la fraude, garantir la s\u00e9curit\u00e9 des transactions et respecter les obligations l\u00e9gales.\u00a0<\/li>\n<\/ul>\n\n\n<style>.wp-block-kadence-advancedheading.kt-adv-heading4060_ea9f40-5c, .wp-block-kadence-advancedheading.kt-adv-heading4060_ea9f40-5c[data-kb-block=\"kb-adv-heading4060_ea9f40-5c\"]{font-style:normal;}.wp-block-kadence-advancedheading.kt-adv-heading4060_ea9f40-5c mark.kt-highlight, .wp-block-kadence-advancedheading.kt-adv-heading4060_ea9f40-5c[data-kb-block=\"kb-adv-heading4060_ea9f40-5c\"] mark.kt-highlight{font-style:normal;color:#f76a0c;-webkit-box-decoration-break:clone;box-decoration-break:clone;padding-top:0px;padding-right:0px;padding-bottom:0px;padding-left:0px;}.wp-block-kadence-advancedheading.kt-adv-heading4060_ea9f40-5c img.kb-inline-image, .wp-block-kadence-advancedheading.kt-adv-heading4060_ea9f40-5c[data-kb-block=\"kb-adv-heading4060_ea9f40-5c\"] img.kb-inline-image{width:150px;vertical-align:baseline;}<\/style>\n<h3 class=\"kt-adv-heading4060_ea9f40-5c wp-block-kadence-advancedheading\" data-kb-block=\"kb-adv-heading4060_ea9f40-5c\"><strong>4. Partage des Informations&nbsp;<\/strong><\/h3>\n\n\n<style>.wp-block-kadence-advancedheading.kt-adv-heading4060_35ce9b-a5, .wp-block-kadence-advancedheading.kt-adv-heading4060_35ce9b-a5[data-kb-block=\"kb-adv-heading4060_35ce9b-a5\"]{font-style:normal;}.wp-block-kadence-advancedheading.kt-adv-heading4060_35ce9b-a5 mark.kt-highlight, .wp-block-kadence-advancedheading.kt-adv-heading4060_35ce9b-a5[data-kb-block=\"kb-adv-heading4060_35ce9b-a5\"] mark.kt-highlight{font-style:normal;color:#f76a0c;-webkit-box-decoration-break:clone;box-decoration-break:clone;padding-top:0px;padding-right:0px;padding-bottom:0px;padding-left:0px;}.wp-block-kadence-advancedheading.kt-adv-heading4060_35ce9b-a5 img.kb-inline-image, .wp-block-kadence-advancedheading.kt-adv-heading4060_35ce9b-a5[data-kb-block=\"kb-adv-heading4060_35ce9b-a5\"] img.kb-inline-image{width:150px;vertical-align:baseline;}<\/style>\n<p class=\"kt-adv-heading4060_35ce9b-a5 wp-block-kadence-advancedheading\" data-kb-block=\"kb-adv-heading4060_35ce9b-a5\">Nous ne partageons vos informations personnelles qu&rsquo;avec :&nbsp;<\/p>\n\n\n\n<ul class=\"wp-block-list\">\n<li><strong>Partenaires et prestataires de services : <\/strong>tels que les services de paiement, les services de livraison, les prestataires de marketing, qui n\u00e9cessitent ces informations pour fournir leurs services.\u00a0<\/li>\n\n\n\n<li><strong>Autorit\u00e9s l\u00e9gales : <\/strong>si cela est requis par la loi ou pour prot\u00e9ger nos droits, notre s\u00e9curit\u00e9, ou nos int\u00e9r\u00eats.\u00a0<\/li>\n<\/ul>\n\n\n<style>.wp-block-kadence-advancedheading.kt-adv-heading4060_72ab9e-46, .wp-block-kadence-advancedheading.kt-adv-heading4060_72ab9e-46[data-kb-block=\"kb-adv-heading4060_72ab9e-46\"]{font-style:normal;}.wp-block-kadence-advancedheading.kt-adv-heading4060_72ab9e-46 mark.kt-highlight, .wp-block-kadence-advancedheading.kt-adv-heading4060_72ab9e-46[data-kb-block=\"kb-adv-heading4060_72ab9e-46\"] mark.kt-highlight{font-style:normal;color:#f76a0c;-webkit-box-decoration-break:clone;box-decoration-break:clone;padding-top:0px;padding-right:0px;padding-bottom:0px;padding-left:0px;}.wp-block-kadence-advancedheading.kt-adv-heading4060_72ab9e-46 img.kb-inline-image, .wp-block-kadence-advancedheading.kt-adv-heading4060_72ab9e-46[data-kb-block=\"kb-adv-heading4060_72ab9e-46\"] img.kb-inline-image{width:150px;vertical-align:baseline;}<\/style>\n<p class=\"kt-adv-heading4060_72ab9e-46 wp-block-kadence-advancedheading\" data-kb-block=\"kb-adv-heading4060_72ab9e-46\">Nous ne vendons ni ne louons vos informations personnelles \u00e0 des tiers.<\/p>\n\n\n<style>.wp-block-kadence-advancedheading.kt-adv-heading4060_19964e-30, .wp-block-kadence-advancedheading.kt-adv-heading4060_19964e-30[data-kb-block=\"kb-adv-heading4060_19964e-30\"]{font-style:normal;}.wp-block-kadence-advancedheading.kt-adv-heading4060_19964e-30 mark.kt-highlight, .wp-block-kadence-advancedheading.kt-adv-heading4060_19964e-30[data-kb-block=\"kb-adv-heading4060_19964e-30\"] mark.kt-highlight{font-style:normal;color:#f76a0c;-webkit-box-decoration-break:clone;box-decoration-break:clone;padding-top:0px;padding-right:0px;padding-bottom:0px;padding-left:0px;}.wp-block-kadence-advancedheading.kt-adv-heading4060_19964e-30 img.kb-inline-image, .wp-block-kadence-advancedheading.kt-adv-heading4060_19964e-30[data-kb-block=\"kb-adv-heading4060_19964e-30\"] img.kb-inline-image{width:150px;vertical-align:baseline;}<\/style>\n<h3 class=\"kt-adv-heading4060_19964e-30 wp-block-kadence-advancedheading\" data-kb-block=\"kb-adv-heading4060_19964e-30\"><strong>5. Conservation des Donn\u00e9es&nbsp;<\/strong><\/h3>\n\n\n<style>.wp-block-kadence-advancedheading.kt-adv-heading4060_161f3f-83, .wp-block-kadence-advancedheading.kt-adv-heading4060_161f3f-83[data-kb-block=\"kb-adv-heading4060_161f3f-83\"]{font-style:normal;}.wp-block-kadence-advancedheading.kt-adv-heading4060_161f3f-83 mark.kt-highlight, .wp-block-kadence-advancedheading.kt-adv-heading4060_161f3f-83[data-kb-block=\"kb-adv-heading4060_161f3f-83\"] mark.kt-highlight{font-style:normal;color:#f76a0c;-webkit-box-decoration-break:clone;box-decoration-break:clone;padding-top:0px;padding-right:0px;padding-bottom:0px;padding-left:0px;}.wp-block-kadence-advancedheading.kt-adv-heading4060_161f3f-83 img.kb-inline-image, .wp-block-kadence-advancedheading.kt-adv-heading4060_161f3f-83[data-kb-block=\"kb-adv-heading4060_161f3f-83\"] img.kb-inline-image{width:150px;vertical-align:baseline;}<\/style>\n<p class=\"kt-adv-heading4060_161f3f-83 wp-block-kadence-advancedheading\" data-kb-block=\"kb-adv-heading4060_161f3f-83\">Nous conservons vos informations personnelles aussi longtemps que n\u00e9cessaire pour atteindre les objectifs pour lesquels elles ont \u00e9t\u00e9 collect\u00e9es, ou pour nous conformer aux exigences l\u00e9gales.&nbsp;<\/p>\n\n\n<style>.wp-block-kadence-advancedheading.kt-adv-heading4060_c7913f-a6, .wp-block-kadence-advancedheading.kt-adv-heading4060_c7913f-a6[data-kb-block=\"kb-adv-heading4060_c7913f-a6\"]{font-style:normal;}.wp-block-kadence-advancedheading.kt-adv-heading4060_c7913f-a6 mark.kt-highlight, .wp-block-kadence-advancedheading.kt-adv-heading4060_c7913f-a6[data-kb-block=\"kb-adv-heading4060_c7913f-a6\"] mark.kt-highlight{font-style:normal;color:#f76a0c;-webkit-box-decoration-break:clone;box-decoration-break:clone;padding-top:0px;padding-right:0px;padding-bottom:0px;padding-left:0px;}.wp-block-kadence-advancedheading.kt-adv-heading4060_c7913f-a6 img.kb-inline-image, .wp-block-kadence-advancedheading.kt-adv-heading4060_c7913f-a6[data-kb-block=\"kb-adv-heading4060_c7913f-a6\"] img.kb-inline-image{width:150px;vertical-align:baseline;}<\/style>\n<h3 class=\"kt-adv-heading4060_c7913f-a6 wp-block-kadence-advancedheading\" data-kb-block=\"kb-adv-heading4060_c7913f-a6\"><strong>6. S\u00e9curit\u00e9 des Informations&nbsp;<\/strong><\/h3>\n\n\n\n<p>Nous mettons en \u0153uvre des mesures de s\u00e9curit\u00e9 techniques et organisationnelles pour prot\u00e9ger vos informations personnelles contre tout acc\u00e8s non autoris\u00e9, alt\u00e9ration, divulgation ou destruction.&nbsp;<\/p>\n\n\n<style>.wp-block-kadence-advancedheading.kt-adv-heading4060_634c41-fe, .wp-block-kadence-advancedheading.kt-adv-heading4060_634c41-fe[data-kb-block=\"kb-adv-heading4060_634c41-fe\"]{font-style:normal;}.wp-block-kadence-advancedheading.kt-adv-heading4060_634c41-fe mark.kt-highlight, .wp-block-kadence-advancedheading.kt-adv-heading4060_634c41-fe[data-kb-block=\"kb-adv-heading4060_634c41-fe\"] mark.kt-highlight{font-style:normal;color:#f76a0c;-webkit-box-decoration-break:clone;box-decoration-break:clone;padding-top:0px;padding-right:0px;padding-bottom:0px;padding-left:0px;}.wp-block-kadence-advancedheading.kt-adv-heading4060_634c41-fe img.kb-inline-image, .wp-block-kadence-advancedheading.kt-adv-heading4060_634c41-fe[data-kb-block=\"kb-adv-heading4060_634c41-fe\"] img.kb-inline-image{width:150px;vertical-align:baseline;}<\/style>\n<h3 class=\"kt-adv-heading4060_634c41-fe wp-block-kadence-advancedheading\" data-kb-block=\"kb-adv-heading4060_634c41-fe\"><strong>7. Vos Droits&nbsp;<\/strong><\/h3>\n\n\n\n<p>En vertu de la r\u00e9glementation en vigueur, vous disposez des droits suivants :&nbsp;<\/p>\n\n\n\n<ul class=\"wp-block-list\">\n<li><strong>Acc\u00e8s : <\/strong>vous pouvez demander une copie des informations personnelles que nous d\u00e9tenons \u00e0 votre sujet.\u00a0<\/li>\n\n\n\n<li><strong>Rectification : <\/strong>vous pouvez demander la correction de toute information inexacte ou incompl\u00e8te.\u00a0<\/li>\n\n\n\n<li><strong>Suppression : <\/strong>vous pouvez demander la suppression de vos informations personnelles, sous r\u00e9serve de certaines conditions.\u00a0<\/li>\n\n\n\n<li><strong>Opposition : <\/strong>vous pouvez vous opposer au traitement de vos informations personnelles dans certains cas, par exemple \u00e0 des fins de marketing direct. <\/li>\n\n\n\n<li><strong>Portabilit\u00e9 : <\/strong>vous pouvez demander \u00e0 recevoir vos informations personnelles dans un format structur\u00e9 et couramment utilis\u00e9.\u00a0<\/li>\n<\/ul>\n\n\n\n<p>Pour exercer ces droits, veuillez nous contacter \u00e0 l&rsquo;adresse <a href=\"mailto:contact@rineauservices.fr\">contact@rineauservices.fr<\/a> <\/p>\n\n\n<style>.wp-block-kadence-advancedheading.kt-adv-heading4060_21b734-b5, .wp-block-kadence-advancedheading.kt-adv-heading4060_21b734-b5[data-kb-block=\"kb-adv-heading4060_21b734-b5\"]{font-style:normal;}.wp-block-kadence-advancedheading.kt-adv-heading4060_21b734-b5 mark.kt-highlight, .wp-block-kadence-advancedheading.kt-adv-heading4060_21b734-b5[data-kb-block=\"kb-adv-heading4060_21b734-b5\"] mark.kt-highlight{font-style:normal;color:#f76a0c;-webkit-box-decoration-break:clone;box-decoration-break:clone;padding-top:0px;padding-right:0px;padding-bottom:0px;padding-left:0px;}.wp-block-kadence-advancedheading.kt-adv-heading4060_21b734-b5 img.kb-inline-image, .wp-block-kadence-advancedheading.kt-adv-heading4060_21b734-b5[data-kb-block=\"kb-adv-heading4060_21b734-b5\"] img.kb-inline-image{width:150px;vertical-align:baseline;}<\/style>\n<h3 class=\"kt-adv-heading4060_21b734-b5 wp-block-kadence-advancedheading\" data-kb-block=\"kb-adv-heading4060_21b734-b5\"><strong>8. Cookies\u00a0<\/strong><\/h3>\n\n\n\n<p>Notre site utilise des cookies pour am\u00e9liorer votre exp\u00e9rience de navigation. Les cookies sont de petits fichiers texte qui sont plac\u00e9s sur votre appareil pour suivre l&rsquo;activit\u00e9 sur le site et m\u00e9moriser certaines informations. Vous pouvez configurer votre navigateur pour refuser les cookies, mais cela pourrait affecter votre capacit\u00e9 \u00e0 utiliser certaines fonctionnalit\u00e9s de notre site.&nbsp;<\/p>\n\n\n<style>.wp-block-kadence-advancedheading.kt-adv-heading4060_d64421-dd, .wp-block-kadence-advancedheading.kt-adv-heading4060_d64421-dd[data-kb-block=\"kb-adv-heading4060_d64421-dd\"]{font-style:normal;}.wp-block-kadence-advancedheading.kt-adv-heading4060_d64421-dd mark.kt-highlight, .wp-block-kadence-advancedheading.kt-adv-heading4060_d64421-dd[data-kb-block=\"kb-adv-heading4060_d64421-dd\"] mark.kt-highlight{font-style:normal;color:#f76a0c;-webkit-box-decoration-break:clone;box-decoration-break:clone;padding-top:0px;padding-right:0px;padding-bottom:0px;padding-left:0px;}.wp-block-kadence-advancedheading.kt-adv-heading4060_d64421-dd img.kb-inline-image, .wp-block-kadence-advancedheading.kt-adv-heading4060_d64421-dd[data-kb-block=\"kb-adv-heading4060_d64421-dd\"] img.kb-inline-image{width:150px;vertical-align:baseline;}<\/style>\n<h3 class=\"kt-adv-heading4060_d64421-dd wp-block-kadence-advancedheading\" data-kb-block=\"kb-adv-heading4060_d64421-dd\"><strong>9. Modifications de la Politique de Confidentialit\u00e9&nbsp;<\/strong><\/h3>\n\n\n\n<p>Nous nous r\u00e9servons le droit de modifier cette Politique de Confidentialit\u00e9 \u00e0 tout moment. Toute modification sera publi\u00e9e sur cette page, avec une date de r\u00e9vision. Nous vous encourageons \u00e0 consulter r\u00e9guli\u00e8rement cette page pour vous tenir inform\u00e9 des \u00e9ventuelles modifications.&nbsp;<\/p>\n\n\n<style>.wp-block-kadence-advancedheading.kt-adv-heading4060_075936-29, .wp-block-kadence-advancedheading.kt-adv-heading4060_075936-29[data-kb-block=\"kb-adv-heading4060_075936-29\"]{font-style:normal;}.wp-block-kadence-advancedheading.kt-adv-heading4060_075936-29 mark.kt-highlight, .wp-block-kadence-advancedheading.kt-adv-heading4060_075936-29[data-kb-block=\"kb-adv-heading4060_075936-29\"] mark.kt-highlight{font-style:normal;color:#f76a0c;-webkit-box-decoration-break:clone;box-decoration-break:clone;padding-top:0px;padding-right:0px;padding-bottom:0px;padding-left:0px;}.wp-block-kadence-advancedheading.kt-adv-heading4060_075936-29 img.kb-inline-image, .wp-block-kadence-advancedheading.kt-adv-heading4060_075936-29[data-kb-block=\"kb-adv-heading4060_075936-29\"] img.kb-inline-image{width:150px;vertical-align:baseline;}<\/style>\n<h3 class=\"kt-adv-heading4060_075936-29 wp-block-kadence-advancedheading\" data-kb-block=\"kb-adv-heading4060_075936-29\"><strong>10. Contact&nbsp;<\/strong><\/h3>\n\n\n\n<p>Pour toute question ou pr\u00e9occupation concernant cette Politique de Confidentialit\u00e9, veuillez nous contacter \u00e0 l&rsquo;adresse email : <a href=\"mailto:contact@rineauservices.fr\">contact@rineauservices.fr<\/a> ou par courrier \u00e0 l&rsquo;adresse suivante : 10 rue saint antoine.<\/p>\n\n\n\n<p><\/p>\n","protected":false},"excerpt":{"rendered":"<p>1. Introduction\u00a0 La pr\u00e9sente Politique de Confidentialit\u00e9 d\u00e9crit la mani\u00e8re dont Pierre Emmanuel Rineau collecte, utilise et prot\u00e8ge les informations personnelles que vous nous fournissez lorsque vous utilisez notre site web https:\/\/rineauservices.fr\/ et nos services associ\u00e9s. En acc\u00e9dant \u00e0 notre site ou en utilisant nos services, vous acceptez les termes de cette Politique de Confidentialit\u00e9.\u00a0&#8230;<\/p>","protected":false},"author":1,"featured_media":0,"parent":0,"menu_order":0,"comment_status":"closed","ping_status":"closed","template":"","meta":{"_kadence_starter_templates_imported_post":false,"_kad_post_transparent":"","_kad_post_title":"show","_kad_post_layout":"","_kad_post_sidebar_id":"","_kad_post_content_style":"","_kad_post_vertical_padding":"","_kad_post_feature":"","_kad_post_feature_position":"","_kad_post_header":false,"_kad_post_footer":false,"footnotes":""},"class_list":["post-4060","page","type-page","status-publish","hentry"],"_links":{"self":[{"href":"https:\/\/rineauservices.fr\/en\/wp-json\/wp\/v2\/pages\/4060","targetHints":{"allow":["GET"]}}],"collection":[{"href":"https:\/\/rineauservices.fr\/en\/wp-json\/wp\/v2\/pages"}],"about":[{"href":"https:\/\/rineauservices.fr\/en\/wp-json\/wp\/v2\/types\/page"}],"author":[{"embeddable":true,"href":"https:\/\/rineauservices.fr\/en\/wp-json\/wp\/v2\/users\/1"}],"replies":[{"embeddable":true,"href":"https:\/\/rineauservices.fr\/en\/wp-json\/wp\/v2\/comments?post=4060"}],"version-history":[{"count":5,"href":"https:\/\/rineauservices.fr\/en\/wp-json\/wp\/v2\/pages\/4060\/revisions"}],"predecessor-version":[{"id":4065,"href":"https:\/\/rineauservices.fr\/en\/wp-json\/wp\/v2\/pages\/4060\/revisions\/4065"}],"wp:attachment":[{"href":"https:\/\/rineauservices.fr\/en\/wp-json\/wp\/v2\/media?parent=4060"}],"curies":[{"name":"wp","href":"https:\/\/api.w.org\/{rel}","templated":true}]}}