{"id":3447,"date":"2023-06-06T15:01:57","date_gmt":"2023-06-06T13:01:57","guid":{"rendered":"https:\/\/rineauservices.fr\/?page_id=3447"},"modified":"2024-09-08T10:30:43","modified_gmt":"2024-09-08T08:30:43","slug":"mention-legales","status":"publish","type":"page","link":"https:\/\/rineauservices.fr\/en\/mention-legales\/","title":{"rendered":"Legal Notice"},"content":{"rendered":"\n<p><\/p>\n\n\n<style>.wp-block-kadence-advancedheading.kt-adv-heading3447_393445-5f, .wp-block-kadence-advancedheading.kt-adv-heading3447_393445-5f[data-kb-block=\"kb-adv-heading3447_393445-5f\"]{font-style:normal;}.wp-block-kadence-advancedheading.kt-adv-heading3447_393445-5f mark.kt-highlight, .wp-block-kadence-advancedheading.kt-adv-heading3447_393445-5f[data-kb-block=\"kb-adv-heading3447_393445-5f\"] mark.kt-highlight{font-style:normal;color:#f76a0c;-webkit-box-decoration-break:clone;box-decoration-break:clone;padding-top:0px;padding-right:0px;padding-bottom:0px;padding-left:0px;}.wp-block-kadence-advancedheading.kt-adv-heading3447_393445-5f img.kb-inline-image, .wp-block-kadence-advancedheading.kt-adv-heading3447_393445-5f[data-kb-block=\"kb-adv-heading3447_393445-5f\"] img.kb-inline-image{width:150px;vertical-align:baseline;}<\/style>\n<h3 class=\"kt-adv-heading3447_393445-5f wp-block-kadence-advancedheading\" data-kb-block=\"kb-adv-heading3447_393445-5f\">1. <b>Identit\u00e9<\/b><\/h3>\n\n\n\n<p>Le site internet Rineau Services \u00e0 l&rsquo;adresse\u00a0<a href=\"https:\/\/rineauservices.fr\">https:\/\/rineauservices.fr<\/a>\u00a0est la propri\u00e9t\u00e9 exclusive de:<br>EI Pierre-Emmanuel Rineau\u00a0<br>RCS 910 949 809 R.C.S. Paris<br>n\u00b0 de TVA intracommunautaire\u00a0FR54910949809. <br>Vous pouvez contacter EI Pierre-Emmanuel Rineau \u00e0 l&rsquo;adresse email\u00a0<a href=\"mailto:contact@rineauservices.fr\">contact@rineauservices.fr<\/a>\u00a0ou par courrier postal au 10 rue Saint-Antoine 75004 Paris.\u00a0<\/p>\n\n\n\n<p>L&rsquo;h\u00e9bergement\u00a0de ce site est assur\u00e9 par:<br>HOSTINGER<br>Hostinger International Ltd. &#8211; 61 rue Lordou Vironos, 6023<\/p>\n\n\n<style>.wp-block-kadence-advancedheading.kt-adv-heading3447_a7b6a9-10, .wp-block-kadence-advancedheading.kt-adv-heading3447_a7b6a9-10[data-kb-block=\"kb-adv-heading3447_a7b6a9-10\"]{font-style:normal;}.wp-block-kadence-advancedheading.kt-adv-heading3447_a7b6a9-10 mark.kt-highlight, .wp-block-kadence-advancedheading.kt-adv-heading3447_a7b6a9-10[data-kb-block=\"kb-adv-heading3447_a7b6a9-10\"] mark.kt-highlight{font-style:normal;color:#f76a0c;-webkit-box-decoration-break:clone;box-decoration-break:clone;padding-top:0px;padding-right:0px;padding-bottom:0px;padding-left:0px;}.wp-block-kadence-advancedheading.kt-adv-heading3447_a7b6a9-10 img.kb-inline-image, .wp-block-kadence-advancedheading.kt-adv-heading3447_a7b6a9-10[data-kb-block=\"kb-adv-heading3447_a7b6a9-10\"] img.kb-inline-image{width:150px;vertical-align:baseline;}<\/style>\n<h3 class=\"kt-adv-heading3447_a7b6a9-10 wp-block-kadence-advancedheading\" data-kb-block=\"kb-adv-heading3447_a7b6a9-10\">2. <b>Cr\u00e9dits<\/b><\/h3>\n\n\n\n<p>Ce site a \u00e9t\u00e9 cr\u00e9\u00e9 par l&rsquo;agence de marketing digital:<br>EI Anya Rahmoune<br>Anya Rahmoune Consulting<br>6 boulevard Pablo Picasso, 94000 Cr\u00e9teil <br>N\u00b0 Siret: 84187492800028<br>Contact: <a href=\"mailto:anye@agencearc.com\"><b>anya@agencearc.com<\/b><\/a>.<\/p>\n","protected":false},"excerpt":{"rendered":"<p>1. Identit\u00e9 Le site internet Rineau Services \u00e0 l&rsquo;adresse\u00a0https:\/\/rineauservices.fr\u00a0est la propri\u00e9t\u00e9 exclusive de:EI Pierre-Emmanuel Rineau\u00a0RCS 910 949 809 R.C.S. Parisn\u00b0 de TVA intracommunautaire\u00a0FR54910949809. Vous pouvez contacter EI Pierre-Emmanuel Rineau \u00e0 l&rsquo;adresse email\u00a0contact@rineauservices.fr\u00a0ou par courrier postal au 10 rue Saint-Antoine 75004 Paris.\u00a0 L&rsquo;h\u00e9bergement\u00a0de ce site est assur\u00e9 par:HOSTINGERHostinger International Ltd. &#8211; 61 rue Lordou Vironos, 6023&#8230;<\/p>","protected":false},"author":1,"featured_media":0,"parent":0,"menu_order":0,"comment_status":"closed","ping_status":"closed","template":"","meta":{"_kadence_starter_templates_imported_post":false,"_kad_post_transparent":"","_kad_post_title":"show","_kad_post_layout":"normal","_kad_post_sidebar_id":"","_kad_post_content_style":"unboxed","_kad_post_vertical_padding":"hide","_kad_post_feature":"hide","_kad_post_feature_position":"","_kad_post_header":false,"_kad_post_footer":false,"footnotes":""},"class_list":["post-3447","page","type-page","status-publish","hentry"],"_links":{"self":[{"href":"https:\/\/rineauservices.fr\/en\/wp-json\/wp\/v2\/pages\/3447","targetHints":{"allow":["GET"]}}],"collection":[{"href":"https:\/\/rineauservices.fr\/en\/wp-json\/wp\/v2\/pages"}],"about":[{"href":"https:\/\/rineauservices.fr\/en\/wp-json\/wp\/v2\/types\/page"}],"author":[{"embeddable":true,"href":"https:\/\/rineauservices.fr\/en\/wp-json\/wp\/v2\/users\/1"}],"replies":[{"embeddable":true,"href":"https:\/\/rineauservices.fr\/en\/wp-json\/wp\/v2\/comments?post=3447"}],"version-history":[{"count":23,"href":"https:\/\/rineauservices.fr\/en\/wp-json\/wp\/v2\/pages\/3447\/revisions"}],"predecessor-version":[{"id":4071,"href":"https:\/\/rineauservices.fr\/en\/wp-json\/wp\/v2\/pages\/3447\/revisions\/4071"}],"wp:attachment":[{"href":"https:\/\/rineauservices.fr\/en\/wp-json\/wp\/v2\/media?parent=3447"}],"curies":[{"name":"wp","href":"https:\/\/api.w.org\/{rel}","templated":true}]}}