{"id":3428,"date":"2023-06-06T13:54:27","date_gmt":"2023-06-06T11:54:27","guid":{"rendered":"https:\/\/rineauservices.fr\/?page_id=3428"},"modified":"2023-06-06T16:06:27","modified_gmt":"2023-06-06T14:06:27","slug":"elementor-3428","status":"publish","type":"page","link":"https:\/\/rineauservices.fr\/en\/elementor-3428\/","title":{"rendered":"GTC"},"content":{"rendered":"<div data-elementor-type=\"wp-page\" data-elementor-id=\"3428\" class=\"elementor elementor-3428\">\n\t\t\t\t\t\t<section class=\"elementor-section elementor-top-section elementor-element elementor-element-8e4f31b elementor-section-boxed elementor-section-height-default elementor-section-height-default\" data-id=\"8e4f31b\" data-element_type=\"section\" data-e-type=\"section\">\n\t\t\t\t\t\t<div class=\"elementor-container elementor-column-gap-default\">\n\t\t\t\t\t<div class=\"elementor-column elementor-col-100 elementor-top-column elementor-element elementor-element-ae66c1a\" data-id=\"ae66c1a\" data-element_type=\"column\" data-e-type=\"column\">\n\t\t\t<div class=\"elementor-widget-wrap elementor-element-populated\">\n\t\t\t\t\t\t<div class=\"elementor-element elementor-element-7a87e8f elementor-widget elementor-widget-text-editor\" data-id=\"7a87e8f\" data-element_type=\"widget\" data-e-type=\"widget\" data-widget_type=\"text-editor.default\">\n\t\t\t\t<div class=\"elementor-widget-container\">\n\t\t\t\t\t\t\t\t\t<h2 align=\"center\"><b>CONDITIONS GENERALES DE VENTE<\/b><\/h2>\n<p><br><\/p><p>Applicables \u00e0 compter du 06 Juin 2023<\/p>\n<h2>Clause n\u00b0 1 : Objet et champ d&rsquo;application<\/h2>\n<p>Les pr\u00e9sentes conditions g\u00e9n\u00e9rales de vente (CGV) constituent le socle de la n\u00e9gociation commerciale et sont syst\u00e9matiquement adress\u00e9es ou remises \u00e0 chaque acheteur pour lui permettre de passer commande.<\/p>\n<p>Les conditions g\u00e9n\u00e9rales de vente d\u00e9crites ci-apr\u00e8s d\u00e9taillent les droits et obligations de la soci\u00e9t\u00e9 PIERRE-EMMANUEL RINEAU et de son client dans le cadre de la vente de services de conciergerie priv\u00e9e.&nbsp;<\/p>\n<p>Toute acceptation du devis\/bon de commande en ce compris la clause \u00ab Je reconnais avoir pris connaissance et j&rsquo;accepte les conditions g\u00e9n\u00e9rales de vente ci-annex\u00e9es \u00bb implique l&rsquo;adh\u00e9sion sans r\u00e9serve de l&rsquo;acheteur aux pr\u00e9sentes conditions g\u00e9n\u00e9rales de vente.<\/p>\n<h2>Clause n\u00b0 2 : Prix<\/h2>\n<p>Les prix des services vendus sont ceux en vigueur au jour de la prise de commande. Ils sont libell\u00e9s en euros et calcul\u00e9s hors taxes. Par voie de cons\u00e9quence, ils seront major\u00e9s du taux de TVA et des frais de transport applicables au jour de la commande.<\/p>\n<p>La soci\u00e9t\u00e9 PIERRE-EMMANUEL RINEAU s&rsquo;accorde le droit de modifier ses tarifs \u00e0 tout moment. Toutefois, elle s&rsquo;engage \u00e0 facturer les services command\u00e9s aux prix indiqu\u00e9s lors de l&rsquo;enregistrement de la commande.<\/p>\n<h2>Clause n\u00b0 3 : Rabais et ristournes<\/h2>\n<p>Les tarifs propos\u00e9s comprennent les rabais et ristournes que la soci\u00e9t\u00e9 PIERRE-EMMANUEL RINEAU serait amen\u00e9e \u00e0 octroyer compte tenu de ses r\u00e9sultats ou de la prise en charge par l&rsquo;acheteur de certaines prestations.<\/p>\n<h2>Clause n\u00b0 4 : Escompte<\/h2>\n<p>Aucun escompte ne sera consenti en cas de paiement anticip\u00e9.<\/p>\n<h2>Clause n\u00b0 5 : Modalit\u00e9s de paiement<\/h2>\n<p>Le r\u00e8glement des commandes s&rsquo;effectue :<\/p>\n<ul>\n<li>soit par ch\u00e8que ;<\/li>\n<li>soit par carte bancaire ;<\/li>\n<li>le cas \u00e9ch\u00e9ant, indiquer les autres moyens de paiement accept\u00e9s.<\/li>\n<\/ul>\n<p>Les r\u00e8glements seront effectu\u00e9s aux conditions suivantes: p<span style=\"background-color: transparent; color: var(--global-palette4); font-family: var(--global-body-font-family); letter-spacing: 0em;\">aiement int\u00e9gral \u00e0 l&rsquo;avance avant livraison des services.&nbsp;<\/span><\/p>\n<h2>Clause n\u00b0 6 : Retard de paiement<\/h2>\n<p>En cas de d\u00e9faut de paiement total ou partiel des services livr\u00e9s \u00e0 l&rsquo;\u00e9ch\u00e9ance, l&rsquo;acheteur doit verser \u00e0 la soci\u00e9t\u00e9 PIERRE-EMMANUEL RINEAU une p\u00e9nalit\u00e9 de retard \u00e9gale \u00e0 trois fois le taux de l&rsquo;int\u00e9r\u00eat l\u00e9gal.<\/p>\n<p>Le taux de l&rsquo;int\u00e9r\u00eat l\u00e9gal retenu est celui en vigueur au jour de la livraison des services.<\/p>\n<p>A compter du 1er janvier 2015, le taux d&rsquo;int\u00e9r\u00eat l\u00e9gal sera r\u00e9vis\u00e9 tous les 6 mois&nbsp;(Ordonnance n\u00b02014-947 du 20 ao\u00fbt 2014).<\/p>\n<p>Cette p\u00e9nalit\u00e9 est calcul\u00e9e sur le montant TTC de la somme restant due, et court \u00e0 compter de la date d&rsquo;\u00e9ch\u00e9ance du prix sans qu&rsquo;aucune mise en demeure pr\u00e9alable ne soit n\u00e9cessaire.<\/p>\n<p>En sus des indemnit\u00e9s de retard, toute somme, y compris l\u2019acompte, non pay\u00e9e \u00e0 sa date d\u2019exigibilit\u00e9 produira de plein droit le paiement d\u2019une indemnit\u00e9 forfaitaire de 40 euros due au titre des frais de recouvrement.<\/p>\n<p>Articles 441-10 et D. 441-5 du code de commerce.<\/p>\n<h2>Clause n\u00b0 7 : Clause r\u00e9solutoire<\/h2>\n<p>Si dans les quinze jours qui suivent la mise en oeuvre de la clause \u00ab\u00a0Retard de paiement\u00a0\u00bb, l&rsquo;acheteur ne s&rsquo;est pas acquitt\u00e9 des sommes restant dues, la vente sera r\u00e9solue de plein droit et pourra ouvrir droit \u00e0 l&rsquo;allocation de dommages et int\u00e9r\u00eats au profit de la soci\u00e9t\u00e9 PIERRE-EMMANUEL RINEAU.<\/p>\n<h2>Clause n\u00b0 8 : Livraison<\/h2>\n<p>La livraison est du service est effectu\u00e9e apr\u00e8s paiement et dans les d\u00e9lais d\u00e9finis avec le client.&nbsp;<\/p>\n<h2 style=\"font-family: var(--global-heading-font-family);\">CLAUSE N\u00b0 9 : PROTECTION DES DONNEES<\/h2>\n<p style=\"margin-bottom: var(--global-md-spacing);\">Les donn\u00e9es collect\u00e9es \u2013 tels que nom, pr\u00e9nom, adresse, num\u00e9ro de t\u00e9l\u00e9phone, adresse \u00e9lectronique et coordonn\u00e9es bancaires \u2013 sont conserv\u00e9es avec l\u2019autorisation du client et feront l\u2019objet d\u2019un traitement dans le respect des dispositions du pr\u00e9sent article et de la l\u00e9gislation applicable dans ce domaine. PIERRE-EMMANUEL RINEAU s\u2019engage \u00e0 respecter scrupuleusement la confiance que ses clients lui accordent et \u00e0 garantir une stricte confidentialit\u00e9 des informations donn\u00e9es auxquelles la soci\u00e9t\u00e9 a acc\u00e8s dans le cadre de la r\u00e9alisation d&rsquo;une prestation.<\/p>\n<h2>Clause n\u00b0 10 : Force majeure<\/h2>\n<p>La responsabilit\u00e9 de la soci\u00e9t\u00e9 PIERRE-EMMANUEL RINEAU ne pourra pas \u00eatre mise en oeuvre si la non-ex\u00e9cution ou le retard dans l&rsquo;ex\u00e9cution de l&rsquo;une de ses obligations d\u00e9crites dans les pr\u00e9sentes conditions g\u00e9n\u00e9rales de vente d\u00e9coule d&rsquo;un cas de force majeure. \u00c0 ce titre, la force majeure s&rsquo;entend de tout \u00e9v\u00e9nement ext\u00e9rieur, impr\u00e9visible et irr\u00e9sistible au sens de l&rsquo;article 1148 du Code civil.<\/p>\n<h2 style=\"font-family: var(--global-heading-font-family);\">CLAUSE N\u00b0 11 : TRIBUNAL COMPETENT<\/h2>\n<p style=\"margin-bottom: var(--global-md-spacing);\">Tout litige relatif \u00e0 l&rsquo;interpr\u00e9tation et \u00e0 l&rsquo;ex\u00e9cution des pr\u00e9sentes conditions g\u00e9n\u00e9rales de vente est soumis au droit fran\u00e7ais.&nbsp;En cas de litige, le client et PIERRE-EMMANUEL RINEAU s\u2019efforceront de bonne foi de trouver une solution amiable. \u00c0 d\u00e9faut de r\u00e9solution amiable, le litige sera port\u00e9 devant les tribunaux fran\u00e7ais,&nbsp;<span style=\"background-color: transparent; color: var(--global-palette4); font-family: var(--global-body-font-family); letter-spacing: 0em;\">auxquels il est fait express\u00e9ment attribution exclusive de comp\u00e9tence. Le client peut \u00e9galement faire usage d&rsquo;un m\u00e9diateur ou se rendre sur le site de&nbsp;<\/span><span style=\"background-color: transparent;\">la <b><a href=\"https:\/\/ec.europa.eu\/consumers\/odr\/main\/index.cfm?event=main.home2.show&amp;lng=FR\" target=\"_blank\" rel=\"noopener\">Commission<\/a> <a href=\"https:\/\/ec.europa.eu\/consumers\/odr\/main\/index.cfm?event=main.home2.show&amp;lng=FR\" target=\"_blank\" rel=\"noopener\">Europ\u00e9ene<\/a><\/b>&nbsp;pour apporter \u00e0 leur attention le litige.&nbsp;<\/span><\/p>\t\t\t\t\t\t\t\t<\/div>\n\t\t\t\t<\/div>\n\t\t\t\t\t<\/div>\n\t\t<\/div>\n\t\t\t\t\t<\/div>\n\t\t<\/section>\n\t\t\t\t<\/div>","protected":false},"excerpt":{"rendered":"<p>CONDITIONS GENERALES DE VENTE Applicables \u00e0 compter du 06 Juin 2023 Clause n\u00b0 1 : Objet et champ d&rsquo;application Les pr\u00e9sentes conditions g\u00e9n\u00e9rales de vente (CGV) constituent le socle de la n\u00e9gociation commerciale et sont syst\u00e9matiquement adress\u00e9es ou remises \u00e0 chaque acheteur pour lui permettre de passer commande. Les conditions g\u00e9n\u00e9rales de vente d\u00e9crites ci-apr\u00e8s&#8230;<\/p>","protected":false},"author":1,"featured_media":0,"parent":0,"menu_order":0,"comment_status":"closed","ping_status":"closed","template":"","meta":{"_kadence_starter_templates_imported_post":false,"_kad_post_transparent":"","_kad_post_title":"hide","_kad_post_layout":"fullwidth","_kad_post_sidebar_id":"","_kad_post_content_style":"unboxed","_kad_post_vertical_padding":"hide","_kad_post_feature":"hide","_kad_post_feature_position":"","_kad_post_header":false,"_kad_post_footer":false,"footnotes":""},"class_list":["post-3428","page","type-page","status-publish","hentry"],"_links":{"self":[{"href":"https:\/\/rineauservices.fr\/en\/wp-json\/wp\/v2\/pages\/3428","targetHints":{"allow":["GET"]}}],"collection":[{"href":"https:\/\/rineauservices.fr\/en\/wp-json\/wp\/v2\/pages"}],"about":[{"href":"https:\/\/rineauservices.fr\/en\/wp-json\/wp\/v2\/types\/page"}],"author":[{"embeddable":true,"href":"https:\/\/rineauservices.fr\/en\/wp-json\/wp\/v2\/users\/1"}],"replies":[{"embeddable":true,"href":"https:\/\/rineauservices.fr\/en\/wp-json\/wp\/v2\/comments?post=3428"}],"version-history":[{"count":18,"href":"https:\/\/rineauservices.fr\/en\/wp-json\/wp\/v2\/pages\/3428\/revisions"}],"predecessor-version":[{"id":4074,"href":"https:\/\/rineauservices.fr\/en\/wp-json\/wp\/v2\/pages\/3428\/revisions\/4074"}],"wp:attachment":[{"href":"https:\/\/rineauservices.fr\/en\/wp-json\/wp\/v2\/media?parent=3428"}],"curies":[{"name":"wp","href":"https:\/\/api.w.org\/{rel}","templated":true}]}}